{"id":620,"date":"2025-12-03T09:41:32","date_gmt":"2025-12-03T09:41:32","guid":{"rendered":"https:\/\/modena.capital\/statistics\/"},"modified":"2025-12-15T08:11:56","modified_gmt":"2025-12-15T08:11:56","slug":"statistics","status":"publish","type":"page","link":"https:\/\/modena.capital\/de\/statistics\/","title":{"rendered":"Statistik"},"content":{"rendered":"\r\n<div id=\"container-block_5548ae1b72bec33cf1ac143584162acc\" class=\"l-container l-container--default\" >\r\n    <div class=\"l-container__content\">\r\n        \n\r\n<header id=\"section-header-block_a47ebfb1085ac4c53d6b6c6a6fe24541\" class=\"c-sectionHeader js-animate-in\">\r\n        \r\n    <div class=\"c-sectionHeader__info\">\r\n                <h2 class=\"c-sectionHeader__title\">Statistik<\/h2>\r\n                \r\n                <div class=\"c-sectionHeader__body\">Transparenz ist einer unserer Kernwerte. Hier findest du Echtzeit-Statistiken zur Performance der Modena-Plattform.<\/div>\r\n                \r\n    <\/div>\r\n    \r\n    <\/header>\r\n\n\n\r\n<div class=\"c-info-box-list c-info-box-list--columns\">\r\n                                        <div class=\"c-info-box c-info-box--card c-info-box--data\">\r\n                                            <div class=\"c-info-box__icon c-info-box__icon--image\">\r\n                            <img decoding=\"async\" src=\"https:\/\/modena.capital\/wp-content\/themes\/modena-capital\/assets\/images\/icons\/icon-average-earnings.png\" alt=\"Durchschnittlicher annualisierter Ertrag\">\r\n                        <\/div>\r\n                                        \r\n                    <div class=\"c-info-box__content\">\r\n                                                    <div class=\"c-info-box__title\">Durchschnittlicher annualisierter Ertrag<\/div>\r\n                                                \r\n                                                    <div class=\"c-info-box__text\">\r\n                                11.4%                            <\/div>\r\n                                                \r\n                                                    <div class=\"c-info-box__tooltip\">\r\n                                <tooltip-box role=\"group\">\r\n                                    <button class=\"c-btn c-btn--link c-btn--onlyIcon c-btn--hasIcon\" slot=\"trigger\" aria-describedby=\"tooltip\">\r\n                                        <span class=\"c-btn__title\">Info<\/span>\r\n                                        <span class=\"c-btn__icon\">\r\n                                            <svg viewBox=\"0 0 24 24\" class=\"icon c-btn__iconImage\" aria-hidden=\"true\"><use xlink:href=\"https:\/\/modena.capital\/wp-content\/themes\/modena-capital\/assets\/images\/icons\/icons.svg#icon-questionmark\"><\/use><\/svg>\r\n                                        <\/span>\r\n                                    <\/button>\r\n                                    <div slot=\"content\">\r\n                                        Diese annualisierte Leistungskennzahl basiert auf Daten der letzten drei Monate.\r\nBitte beachten Sie: Vergangene Ertr\u00e4ge sind keine Garantie f\u00fcr zuk\u00fcnftige Entwicklungen.                                    <\/div>\r\n                                <\/tooltip-box>\r\n                            <\/div>\r\n                                            <\/div>\r\n                <\/div>\r\n                                                <div class=\"c-info-box c-info-box--card c-info-box--data\">\r\n                                            <div class=\"c-info-box__icon c-info-box__icon--image\">\r\n                            <img decoding=\"async\" src=\"https:\/\/modena.capital\/wp-content\/themes\/modena-capital\/assets\/images\/icons\/icon-cumulative-paid-out-earnings.png\" alt=\"Kumulative Anlegerertr\u00e4ge\">\r\n                        <\/div>\r\n                                        \r\n                    <div class=\"c-info-box__content\">\r\n                                                    <div class=\"c-info-box__title\">Kumulative Anlegerertr\u00e4ge<\/div>\r\n                                                \r\n                                                    <div class=\"c-info-box__text\">\r\n                                214 821,53 \u20ac                            <\/div>\r\n                                                \r\n                                            <\/div>\r\n                <\/div>\r\n                                                <div class=\"c-info-box c-info-box--card c-info-box--data\">\r\n                                            <div class=\"c-info-box__icon c-info-box__icon--image\">\r\n                            <img decoding=\"async\" src=\"https:\/\/modena.capital\/wp-content\/themes\/modena-capital\/assets\/images\/icons\/icon-cumulative-investment-amount.png\" alt=\"Kumulativer Investitionsbetrag\">\r\n                        <\/div>\r\n                                        \r\n                    <div class=\"c-info-box__content\">\r\n                                                    <div class=\"c-info-box__title\">Kumulativer Investitionsbetrag<\/div>\r\n                                                \r\n                                                    <div class=\"c-info-box__text\">\r\n                                26 804 809,92 \u20ac                            <\/div>\r\n                                                \r\n                                            <\/div>\r\n                <\/div>\r\n                                                <div class=\"c-info-box c-info-box--card c-info-box--data\">\r\n                                            <div class=\"c-info-box__icon c-info-box__icon--image\">\r\n                            <img decoding=\"async\" src=\"https:\/\/modena.capital\/wp-content\/themes\/modena-capital\/assets\/images\/icons\/icon-outstanding-investments-amount.png\" alt=\"Ausstehender Investitionsbetrag\">\r\n                        <\/div>\r\n                                        \r\n                    <div class=\"c-info-box__content\">\r\n                                                    <div class=\"c-info-box__title\">Ausstehender Investitionsbetrag<\/div>\r\n                                                \r\n                                                    <div class=\"c-info-box__text\">\r\n                                5 648 955,94 \u20ac                            <\/div>\r\n                                                \r\n                                            <\/div>\r\n                <\/div>\r\n                                                <div class=\"c-info-box c-info-box--card c-info-box--data\">\r\n                                            <div class=\"c-info-box__icon c-info-box__icon--image\">\r\n                            <img decoding=\"async\" src=\"https:\/\/modena.capital\/wp-content\/themes\/modena-capital\/assets\/images\/icons\/icon-average-percentage.png\" alt=\"Durchschnittlicher 12-Monats-R\u00fcckkaufprozentsatz\">\r\n                        <\/div>\r\n                                        \r\n                    <div class=\"c-info-box__content\">\r\n                                                    <div class=\"c-info-box__title\">Durchschnittlicher 12-Monats-R\u00fcckkaufprozentsatz<\/div>\r\n                                                \r\n                                                    <div class=\"c-info-box__text\">\r\n                                2.46%                            <\/div>\r\n                                                \r\n                                            <\/div>\r\n                <\/div>\r\n                                                <div class=\"c-info-box c-info-box--card c-info-box--data\">\r\n                                            <div class=\"c-info-box__icon c-info-box__icon--image\">\r\n                            <img decoding=\"async\" src=\"https:\/\/modena.capital\/wp-content\/themes\/modena-capital\/assets\/images\/icons\/icon-users.png\" alt=\"Anzahl der Benutzer\">\r\n                        <\/div>\r\n                                        \r\n                    <div class=\"c-info-box__content\">\r\n                                                    <div class=\"c-info-box__title\">Anzahl der Benutzer<\/div>\r\n                                                \r\n                                                    <div class=\"c-info-box__text\">\r\n                                2 083                            <\/div>\r\n                                                \r\n                                            <\/div>\r\n                <\/div>\r\n                        <\/div>\r\n\n\n\r\n<hr class=\"c-spacer\">\r\n\n\n\r\n<div class=\"c-chart\">\r\n            <div class=\"c-chart__header\">\r\n            <h3 class=\"c-chart__title\">Kumulativer Investitionsbetrag<\/h3>\r\n        <\/div>\r\n        \r\n    <div class=\"c-chart__body\">\r\n       \r\n        <canvas class=\"c-chart__chart\" \r\n            id=\"chart-69fb3a6d0147f\" \r\n            data-chart-name=\"cumulative-earnings\" \r\n            data-api-endpoints='[&quot;https:\\\/\\\/modena.capital\\\/de\\\/wp-json\\\/investor-stats\\\/v1\\\/earnings\\\/&quot;]'            data-dataset-labels='[&quot;Earnings&quot;]'            data-chart-type=\"line\">\r\n        <\/canvas>\r\n    <\/div>\r\n<\/div>\r\n\n\n\r\n<hr class=\"c-spacer\">\r\n\n\n\r\n<div class=\"c-chart\">\r\n            <div class=\"c-chart__header\">\r\n            <h3 class=\"c-chart__title\">Kumulative Anlegerertr\u00e4ge<\/h3>\r\n        <\/div>\r\n        \r\n    <div class=\"c-chart__body\">\r\n       \r\n        <canvas class=\"c-chart__chart\" \r\n            id=\"chart-69fb3a6d016a2\" \r\n            data-chart-name=\"cumulative-investments\" \r\n            data-api-endpoints='[&quot;https:\\\/\\\/modena.capital\\\/de\\\/wp-json\\\/investor-stats\\\/v1\\\/investments\\\/&quot;]'            data-dataset-labels='[&quot;Investments&quot;]'            data-chart-type=\"line\">\r\n        <\/canvas>\r\n    <\/div>\r\n<\/div>\r\n\n\n\r\n<hr class=\"c-spacer\">\r\n\n\n\r\n<div class=\"c-chart\">\r\n            <div class=\"c-chart__header\">\r\n            <h3 class=\"c-chart__title\">Monatlicher Verm\u00f6gensstatus<\/h3>\r\n        <\/div>\r\n        \r\n    <div class=\"c-chart__body\">\r\n       \r\n        <canvas class=\"c-chart__chart\" \r\n            id=\"chart-69fb3a6d01885\" \r\n            data-chart-name=\"monthly-assets\" \r\n            data-api-endpoints='[&quot;https:\\\/\\\/modena.capital\\\/de\\\/wp-json\\\/investor-stats\\\/v1\\\/finished\\\/&quot;,&quot;https:\\\/\\\/modena.capital\\\/de\\\/wp-json\\\/investor-stats\\\/v1\\\/defaulted\\\/&quot;]'            data-dataset-labels='[&quot;Finished&quot;,&quot;Defaulted&quot;]'            data-chart-type=\"bar\">\r\n        <\/canvas>\r\n    <\/div>\r\n<\/div>\r\n\n\r\n    <\/div>\r\n<\/div>\n\n\n<p><\/p>\n","protected":false},"excerpt":{"rendered":"","protected":false},"author":2,"featured_media":0,"parent":0,"menu_order":3,"comment_status":"closed","ping_status":"closed","template":"templates\/template-blocks-page.php","meta":{"_acf_changed":false,"inline_featured_image":false,"footnotes":""},"class_list":["post-620","page","type-page","status-publish","hentry"],"acf":[],"yoast_head":"<!-- This site is optimized with the Yoast SEO plugin v26.6 - https:\/\/yoast.com\/wordpress\/plugins\/seo\/ -->\n<title>Statistik - Modena Capital<\/title>\n<meta name=\"robots\" content=\"index, follow, max-snippet:-1, max-image-preview:large, max-video-preview:-1\" \/>\n<link rel=\"canonical\" href=\"https:\/\/modena.capital\/de\/statistics\/\" \/>\n<meta property=\"og:locale\" content=\"de_DE\" \/>\n<meta property=\"og:type\" content=\"article\" \/>\n<meta property=\"og:title\" content=\"Statistik - Modena Capital\" \/>\n<meta property=\"og:url\" content=\"https:\/\/modena.capital\/de\/statistics\/\" \/>\n<meta property=\"og:site_name\" content=\"Modena Capital\" \/>\n<meta property=\"article:modified_time\" content=\"2025-12-15T08:11:56+00:00\" \/>\n<meta name=\"twitter:card\" content=\"summary_large_image\" \/>\n<script type=\"application\/ld+json\" class=\"yoast-schema-graph\">{\"@context\":\"https:\/\/schema.org\",\"@graph\":[{\"@type\":\"WebPage\",\"@id\":\"https:\/\/modena.capital\/de\/statistics\/\",\"url\":\"https:\/\/modena.capital\/de\/statistics\/\",\"name\":\"Statistik - Modena Capital\",\"isPartOf\":{\"@id\":\"https:\/\/modena.capital\/#website\"},\"datePublished\":\"2025-12-03T09:41:32+00:00\",\"dateModified\":\"2025-12-15T08:11:56+00:00\",\"breadcrumb\":{\"@id\":\"https:\/\/modena.capital\/de\/statistics\/#breadcrumb\"},\"inLanguage\":\"de-DE\",\"potentialAction\":[{\"@type\":\"ReadAction\",\"target\":[\"https:\/\/modena.capital\/de\/statistics\/\"]}]},{\"@type\":\"BreadcrumbList\",\"@id\":\"https:\/\/modena.capital\/de\/statistics\/#breadcrumb\",\"itemListElement\":[{\"@type\":\"ListItem\",\"position\":1,\"name\":\"Home\",\"item\":\"https:\/\/modena.capital\/de\/\"},{\"@type\":\"ListItem\",\"position\":2,\"name\":\"Statistik\"}]},{\"@type\":\"WebSite\",\"@id\":\"https:\/\/modena.capital\/#website\",\"url\":\"https:\/\/modena.capital\/\",\"name\":\"Modena Capital\",\"description\":\"Earn Up to 11% Passive Income\",\"publisher\":{\"@id\":\"https:\/\/modena.capital\/#organization\"},\"potentialAction\":[{\"@type\":\"SearchAction\",\"target\":{\"@type\":\"EntryPoint\",\"urlTemplate\":\"https:\/\/modena.capital\/?s={search_term_string}\"},\"query-input\":{\"@type\":\"PropertyValueSpecification\",\"valueRequired\":true,\"valueName\":\"search_term_string\"}}],\"inLanguage\":\"de-DE\"},{\"@type\":\"Organization\",\"@id\":\"https:\/\/modena.capital\/#organization\",\"name\":\"Modena Capital\",\"url\":\"https:\/\/modena.capital\/\",\"logo\":{\"@type\":\"ImageObject\",\"inLanguage\":\"de-DE\",\"@id\":\"https:\/\/modena.capital\/#\/schema\/logo\/image\/\",\"url\":\"https:\/\/modena.capital\/wp-content\/uploads\/2025\/12\/logo_heletume84-pdf.jpg\",\"contentUrl\":\"https:\/\/modena.capital\/wp-content\/uploads\/2025\/12\/logo_heletume84-pdf.jpg\",\"width\":1067,\"height\":1067,\"caption\":\"Modena Capital\"},\"image\":{\"@id\":\"https:\/\/modena.capital\/#\/schema\/logo\/image\/\"},\"sameAs\":[\"https:\/\/www.linkedin.com\/company\/35621821\"]}]}<\/script>\n<!-- \/ Yoast SEO plugin. -->","yoast_head_json":{"title":"Statistik - Modena Capital","robots":{"index":"index","follow":"follow","max-snippet":"max-snippet:-1","max-image-preview":"max-image-preview:large","max-video-preview":"max-video-preview:-1"},"canonical":"https:\/\/modena.capital\/de\/statistics\/","og_locale":"de_DE","og_type":"article","og_title":"Statistik - Modena Capital","og_url":"https:\/\/modena.capital\/de\/statistics\/","og_site_name":"Modena Capital","article_modified_time":"2025-12-15T08:11:56+00:00","twitter_card":"summary_large_image","schema":{"@context":"https:\/\/schema.org","@graph":[{"@type":"WebPage","@id":"https:\/\/modena.capital\/de\/statistics\/","url":"https:\/\/modena.capital\/de\/statistics\/","name":"Statistik - Modena Capital","isPartOf":{"@id":"https:\/\/modena.capital\/#website"},"datePublished":"2025-12-03T09:41:32+00:00","dateModified":"2025-12-15T08:11:56+00:00","breadcrumb":{"@id":"https:\/\/modena.capital\/de\/statistics\/#breadcrumb"},"inLanguage":"de-DE","potentialAction":[{"@type":"ReadAction","target":["https:\/\/modena.capital\/de\/statistics\/"]}]},{"@type":"BreadcrumbList","@id":"https:\/\/modena.capital\/de\/statistics\/#breadcrumb","itemListElement":[{"@type":"ListItem","position":1,"name":"Home","item":"https:\/\/modena.capital\/de\/"},{"@type":"ListItem","position":2,"name":"Statistik"}]},{"@type":"WebSite","@id":"https:\/\/modena.capital\/#website","url":"https:\/\/modena.capital\/","name":"Modena Capital","description":"Earn Up to 11% Passive Income","publisher":{"@id":"https:\/\/modena.capital\/#organization"},"potentialAction":[{"@type":"SearchAction","target":{"@type":"EntryPoint","urlTemplate":"https:\/\/modena.capital\/?s={search_term_string}"},"query-input":{"@type":"PropertyValueSpecification","valueRequired":true,"valueName":"search_term_string"}}],"inLanguage":"de-DE"},{"@type":"Organization","@id":"https:\/\/modena.capital\/#organization","name":"Modena Capital","url":"https:\/\/modena.capital\/","logo":{"@type":"ImageObject","inLanguage":"de-DE","@id":"https:\/\/modena.capital\/#\/schema\/logo\/image\/","url":"https:\/\/modena.capital\/wp-content\/uploads\/2025\/12\/logo_heletume84-pdf.jpg","contentUrl":"https:\/\/modena.capital\/wp-content\/uploads\/2025\/12\/logo_heletume84-pdf.jpg","width":1067,"height":1067,"caption":"Modena Capital"},"image":{"@id":"https:\/\/modena.capital\/#\/schema\/logo\/image\/"},"sameAs":["https:\/\/www.linkedin.com\/company\/35621821"]}]}},"_links":{"self":[{"href":"https:\/\/modena.capital\/de\/wp-json\/wp\/v2\/pages\/620","targetHints":{"allow":["GET"]}}],"collection":[{"href":"https:\/\/modena.capital\/de\/wp-json\/wp\/v2\/pages"}],"about":[{"href":"https:\/\/modena.capital\/de\/wp-json\/wp\/v2\/types\/page"}],"author":[{"embeddable":true,"href":"https:\/\/modena.capital\/de\/wp-json\/wp\/v2\/users\/2"}],"replies":[{"embeddable":true,"href":"https:\/\/modena.capital\/de\/wp-json\/wp\/v2\/comments?post=620"}],"version-history":[{"count":3,"href":"https:\/\/modena.capital\/de\/wp-json\/wp\/v2\/pages\/620\/revisions"}],"predecessor-version":[{"id":695,"href":"https:\/\/modena.capital\/de\/wp-json\/wp\/v2\/pages\/620\/revisions\/695"}],"wp:attachment":[{"href":"https:\/\/modena.capital\/de\/wp-json\/wp\/v2\/media?parent=620"}],"curies":[{"name":"wp","href":"https:\/\/api.w.org\/{rel}","templated":true}]}}