{"id":622,"date":"2025-12-03T09:41:05","date_gmt":"2025-12-03T09:41:05","guid":{"rendered":"https:\/\/modena.capital\/how\/"},"modified":"2025-12-15T12:12:12","modified_gmt":"2025-12-15T12:12:12","slug":"how","status":"publish","type":"page","link":"https:\/\/modena.capital\/de\/how\/","title":{"rendered":"So funktioniert es"},"content":{"rendered":"\r\n<div id=\"container-block_dbd841a01fdd237b51c4cee593d590e0\" class=\"l-container l-container--default\" >\r\n    <div class=\"l-container__content\">\r\n        \n\n<div class=\"wp-block-columns l-grid is-layout-flex wp-container-core-columns-is-layout-9d6595d7 wp-block-columns-is-layout-flex\">\n<div class=\"wp-block-column is-layout-flow wp-block-column-is-layout-flow\">\r\n<header id=\"section-header-block_24115b685b3d7109cef35310c170098b\" class=\"c-sectionHeader js-animate-group c-sectionHeader--align-left c-sectionHeader--sticky\">\r\n        \r\n    <div class=\"c-sectionHeader__info js-animate-group-item-in\">\r\n                <h2 class=\"c-sectionHeader__title\">So funktioniert Modena Capital<\/h2>\r\n                \r\n                <div class=\"c-sectionHeader__body\">Ein einfacher, vierstufiger Prozess \u00fcber die inneren Abl\u00e4ufe von Modena Capital.<\/div>\r\n                \r\n    <\/div>\r\n    \r\n        <div class=\"c-sectionHeader__tools js-animate-group-item-in\">\r\n        \r\n<a class=\"c-btn  c-btn--hasIcon c-btn--primary\" href=\"https:\/\/app.modena.capital\/\" target=\"_blank\">\r\n    <span class=\"c-btn__title\">Hier loslegen<\/span>\r\n        <span class=\"c-btn__icon\">\r\n        <svg viewBox=\"0 0 24 24\" class=\"icon c-btn__iconImage\" aria-hidden=\"true\">\r\n            <use xlink:href=\"https:\/\/modena.capital\/wp-content\/themes\/modena-capital\/assets\/images\/icons\/icons.svg#icon-arrow-right\"><\/use>\r\n        <\/svg>\r\n    <\/span>\r\n    <\/a>\r\n    <\/div>\r\n    <\/header>\r\n<\/div>\n\n\n\n<div class=\"wp-block-column is-layout-flow wp-block-column-is-layout-flow\">\r\n<div class=\"c-cardList c-cardList--default\">\r\n                        <article class=\"c-card js-animate-in c-card--pill\">\r\n                                    <figure class=\"c-card__imageContainer\">\r\n                        <img decoding=\"async\" src=\"https:\/\/modena.capital\/wp-content\/uploads\/2025\/12\/how01.png\" alt=\"Investing in Loans\" class=\"c-card__image\" \/>\r\n                    <\/figure>\r\n                \r\n                \r\n                <div class=\"c-card__content\">\r\n                                            <div class=\"c-card__pill c-card__pill--blue\">\r\n                            1                        <\/div>\r\n                                                              \r\n                                            <h3 class=\"c-card__title\">Wir finanzieren Konsumenten<\/h3>\r\n                                        \r\n                                            <div class=\"c-card__body\">\r\n                            Modena vergibt Kredite an sorgf\u00e4ltig gepr\u00fcfte Verbraucher.                        <\/div>\r\n                    \r\n                    \r\n\r\n                <\/div>\r\n            <\/article>\r\n                                <article class=\"c-card js-animate-in c-card--pill\">\r\n                                    <figure class=\"c-card__imageContainer\">\r\n                        <img decoding=\"async\" src=\"https:\/\/modena.capital\/wp-content\/uploads\/2025\/12\/how02.png\" alt=\"Investing in Loans\" class=\"c-card__image\" \/>\r\n                    <\/figure>\r\n                \r\n                \r\n                <div class=\"c-card__content\">\r\n                                            <div class=\"c-card__pill c-card__pill--yellow\">\r\n                            2                        <\/div>\r\n                                                              \r\n                                            <h3 class=\"c-card__title\">Erstellen Sie diversifizierte Pools<\/h3>\r\n                                        \r\n                                            <div class=\"c-card__body\">\r\n                            Um das Kreditrisiko zu streuen, werden die Kredite in diversifizierte Kreditpools zusammengefasst.                        <\/div>\r\n                    \r\n                    \r\n\r\n                <\/div>\r\n            <\/article>\r\n                                <article class=\"c-card js-animate-in c-card--pill\">\r\n                                    <figure class=\"c-card__imageContainer\">\r\n                        <img decoding=\"async\" src=\"https:\/\/modena.capital\/wp-content\/uploads\/2025\/12\/how03.png\" alt=\"Investing in Loans\" class=\"c-card__image\" \/>\r\n                    <\/figure>\r\n                \r\n                \r\n                <div class=\"c-card__content\">\r\n                                            <div class=\"c-card__pill c-card__pill--blueDark\">\r\n                            3                        <\/div>\r\n                                                              \r\n                                            <h3 class=\"c-card__title\">Mit Ihrer Investition erwerben Sie Kreditpools.<\/h3>\r\n                                        \r\n                                            <div class=\"c-card__body\">\r\n                            Mit Ihren Geldern erwerben Sie automatisch Anteile an diesen Kreditpools.                        <\/div>\r\n                    \r\n                    \r\n\r\n                <\/div>\r\n            <\/article>\r\n                                <article class=\"c-card js-animate-in c-card--pill\">\r\n                                    <figure class=\"c-card__imageContainer\">\r\n                        <img decoding=\"async\" src=\"https:\/\/modena.capital\/wp-content\/uploads\/2025\/12\/how04.png\" alt=\"Investing in Loans\" class=\"c-card__image\" \/>\r\n                    <\/figure>\r\n                \r\n                \r\n                <div class=\"c-card__content\">\r\n                                            <div class=\"c-card__pill c-card__pill--green\">\r\n                            4                        <\/div>\r\n                                                              \r\n                                            <h3 class=\"c-card__title\">Erhalten Sie t\u00e4gliche R\u00fcckzahlungen<\/h3>\r\n                                        \r\n                                            <div class=\"c-card__body\">\r\n                            Wenn die Kreditnehmer ihre Schulden zur\u00fcckzahlen, erhalten Sie Ihren Anteil an Kapital und Zinsen.                        <\/div>\r\n                    \r\n                    \r\n\r\n                <\/div>\r\n            <\/article>\r\n                        <\/div>\r\n<\/div>\n<\/div>\n\n\n\r\n<hr class=\"c-spacer\">\r\n\n\n\n<div class=\"wp-block-group t-text\"><div class=\"wp-block-group__inner-container is-layout-constrained wp-block-group-is-layout-constrained\">\n<h2 class=\"wp-block-heading\"><strong>Verm\u00f6gensaufbau mit Vaults<\/strong><\/h2>\n<\/div><\/div>\n\n\n\n<div class=\"wp-block-columns l-grid t-text is-layout-flex wp-container-core-columns-is-layout-9d6595d7 wp-block-columns-is-layout-flex\">\n<div class=\"wp-block-column is-layout-flow wp-block-column-is-layout-flow\">\n<p>Wenn Sie Geld in die Loan Vault einzahlen, erwerben Sie automatisch Forderungen (Verm\u00f6genswerte) von Modena. Diese Forderungen bestehen gegen\u00fcber Kunden, die einen Kredit oder eine \u201eJetzt kaufen, sp\u00e4ter zahlen\u201c-Finanzierung von Modena in Anspruch genommen haben.<\/p>\n\n\n\n<p>Sobald Sie Ihr Geld in die Loan Vault eingezahlt haben, verkauft die Plattform Ihnen automatisch die Forderungen. Die Forderungen werden in Anteilen an Investoren verkauft, sodass kein Investor eine Forderung vollst\u00e4ndig besitzt. Dies dient der gleichm\u00e4\u00dfigen Verteilung der Einnahmen und der Stabilit\u00e4t. Ein Investor kann beispielsweise 1&nbsp;%, 5&nbsp;% oder 14,63&nbsp;% usw. einer Schuldforderung besitzen.<\/p>\n\n\n\n<p>Schuldforderungen werden unter Abzinsung an Investoren verkauft. Die Differenz zwischen dem Verkaufspreis und dem Nennwert ist der Ertrag f\u00fcr den Investor. Die Ertr\u00e4ge werden an die Investoren auf der Grundlage des prozentualen Eigentumsanteils an der Schuldforderung ausgesch\u00fcttet. Ein Beispiel: Eine Forderung mit einer Laufzeit von 30&nbsp;Tagen und einem Nennwert von 500&nbsp;\u20ac wird zu einem reduzierten Preis von 490&nbsp;\u20ac verkauft. Die Investoren, die Eigent\u00fcmer dieser Forderung sind, verdienen 10&nbsp;\u20ac f\u00fcr die 30-t\u00e4gige Investition von 500&nbsp;\u20ac. Bitte beachten Sie, dass dies nur ein Beispiel ist. Der tats\u00e4chliche Abzinsungssatz h\u00e4ngt von der tats\u00e4chlichen Forderung ab, im Durchschnitt k\u00f6nnen Investoren jedoch mit einer Rendite von etwa 10&nbsp;% p.&nbsp;a. rechnen.<\/p>\n\n\n\n<p>Wenn der Kunde einen Teil dieser R\u00fcckzahlung leistet, wird der Betrag dem Konto des Investors gutgeschrieben und setzt sich aus dem Kapital und einem Teil der Einnahmen zusammen. Erhaltene R\u00fcckzahlungen werden automatisch f\u00fcr den Kauf neuer Forderungen verwendet. Die R\u00fcckzahlungen der Kunden werden t\u00e4glich in das System importiert.<\/p>\n\n\n\n<p>Wenn der Kunde die R\u00fcckzahlungen nicht rechtzeitig leistet, kauft Modena die Forderung automatisch vom Investor zur\u00fcck, nachdem der Kunde 35&nbsp;Tage im Verzug war.<\/p>\n<\/div>\n\n\n\n<div class=\"wp-block-column is-layout-flow wp-block-column-is-layout-flow\">\n<p>Hast du Fragen oder ben\u00f6tigst du weitere Informationen? Z\u00f6gere nicht, uns per E-Mail an info@modena.capital oder telefonisch unter +372 5804 2366 zu kontaktieren. Unser Support ist Mo\u2013Fr von 10:00 bis 17:00 Uhr MEZ erreichbar.<\/p>\n<\/div>\n<\/div>\n\n\r\n    <\/div>\r\n<\/div>","protected":false},"excerpt":{"rendered":"","protected":false},"author":2,"featured_media":0,"parent":0,"menu_order":4,"comment_status":"closed","ping_status":"closed","template":"templates\/template-blocks-page.php","meta":{"_acf_changed":false,"inline_featured_image":false,"footnotes":""},"class_list":["post-622","page","type-page","status-publish","hentry"],"acf":[],"yoast_head":"<!-- This site is optimized with the Yoast SEO plugin v26.6 - https:\/\/yoast.com\/wordpress\/plugins\/seo\/ -->\n<title>So funktioniert es - Modena Capital<\/title>\n<meta name=\"robots\" content=\"index, follow, max-snippet:-1, max-image-preview:large, max-video-preview:-1\" \/>\n<link rel=\"canonical\" href=\"https:\/\/modena.capital\/de\/how\/\" \/>\n<meta property=\"og:locale\" content=\"de_DE\" \/>\n<meta property=\"og:type\" content=\"article\" \/>\n<meta property=\"og:title\" content=\"So funktioniert es - Modena Capital\" \/>\n<meta property=\"og:url\" content=\"https:\/\/modena.capital\/de\/how\/\" \/>\n<meta property=\"og:site_name\" content=\"Modena Capital\" \/>\n<meta property=\"article:modified_time\" content=\"2025-12-15T12:12:12+00:00\" \/>\n<meta name=\"twitter:card\" content=\"summary_large_image\" \/>\n<meta name=\"twitter:label1\" content=\"Gesch\u00e4tzte Lesezeit\" \/>\n\t<meta name=\"twitter:data1\" content=\"2 minutes\" \/>\n<script type=\"application\/ld+json\" class=\"yoast-schema-graph\">{\"@context\":\"https:\/\/schema.org\",\"@graph\":[{\"@type\":\"WebPage\",\"@id\":\"https:\/\/modena.capital\/de\/how\/\",\"url\":\"https:\/\/modena.capital\/de\/how\/\",\"name\":\"So funktioniert es - Modena Capital\",\"isPartOf\":{\"@id\":\"https:\/\/modena.capital\/#website\"},\"datePublished\":\"2025-12-03T09:41:05+00:00\",\"dateModified\":\"2025-12-15T12:12:12+00:00\",\"breadcrumb\":{\"@id\":\"https:\/\/modena.capital\/de\/how\/#breadcrumb\"},\"inLanguage\":\"de-DE\",\"potentialAction\":[{\"@type\":\"ReadAction\",\"target\":[\"https:\/\/modena.capital\/de\/how\/\"]}]},{\"@type\":\"BreadcrumbList\",\"@id\":\"https:\/\/modena.capital\/de\/how\/#breadcrumb\",\"itemListElement\":[{\"@type\":\"ListItem\",\"position\":1,\"name\":\"Home\",\"item\":\"https:\/\/modena.capital\/de\/\"},{\"@type\":\"ListItem\",\"position\":2,\"name\":\"So funktioniert es\"}]},{\"@type\":\"WebSite\",\"@id\":\"https:\/\/modena.capital\/#website\",\"url\":\"https:\/\/modena.capital\/\",\"name\":\"Modena Capital\",\"description\":\"Earn Up to 11% Passive Income\",\"publisher\":{\"@id\":\"https:\/\/modena.capital\/#organization\"},\"potentialAction\":[{\"@type\":\"SearchAction\",\"target\":{\"@type\":\"EntryPoint\",\"urlTemplate\":\"https:\/\/modena.capital\/?s={search_term_string}\"},\"query-input\":{\"@type\":\"PropertyValueSpecification\",\"valueRequired\":true,\"valueName\":\"search_term_string\"}}],\"inLanguage\":\"de-DE\"},{\"@type\":\"Organization\",\"@id\":\"https:\/\/modena.capital\/#organization\",\"name\":\"Modena Capital\",\"url\":\"https:\/\/modena.capital\/\",\"logo\":{\"@type\":\"ImageObject\",\"inLanguage\":\"de-DE\",\"@id\":\"https:\/\/modena.capital\/#\/schema\/logo\/image\/\",\"url\":\"https:\/\/modena.capital\/wp-content\/uploads\/2025\/12\/logo_heletume84-pdf.jpg\",\"contentUrl\":\"https:\/\/modena.capital\/wp-content\/uploads\/2025\/12\/logo_heletume84-pdf.jpg\",\"width\":1067,\"height\":1067,\"caption\":\"Modena Capital\"},\"image\":{\"@id\":\"https:\/\/modena.capital\/#\/schema\/logo\/image\/\"},\"sameAs\":[\"https:\/\/www.linkedin.com\/company\/35621821\"]}]}<\/script>\n<!-- \/ Yoast SEO plugin. -->","yoast_head_json":{"title":"So funktioniert es - Modena Capital","robots":{"index":"index","follow":"follow","max-snippet":"max-snippet:-1","max-image-preview":"max-image-preview:large","max-video-preview":"max-video-preview:-1"},"canonical":"https:\/\/modena.capital\/de\/how\/","og_locale":"de_DE","og_type":"article","og_title":"So funktioniert es - Modena Capital","og_url":"https:\/\/modena.capital\/de\/how\/","og_site_name":"Modena Capital","article_modified_time":"2025-12-15T12:12:12+00:00","twitter_card":"summary_large_image","twitter_misc":{"Gesch\u00e4tzte Lesezeit":"2 minutes"},"schema":{"@context":"https:\/\/schema.org","@graph":[{"@type":"WebPage","@id":"https:\/\/modena.capital\/de\/how\/","url":"https:\/\/modena.capital\/de\/how\/","name":"So funktioniert es - Modena Capital","isPartOf":{"@id":"https:\/\/modena.capital\/#website"},"datePublished":"2025-12-03T09:41:05+00:00","dateModified":"2025-12-15T12:12:12+00:00","breadcrumb":{"@id":"https:\/\/modena.capital\/de\/how\/#breadcrumb"},"inLanguage":"de-DE","potentialAction":[{"@type":"ReadAction","target":["https:\/\/modena.capital\/de\/how\/"]}]},{"@type":"BreadcrumbList","@id":"https:\/\/modena.capital\/de\/how\/#breadcrumb","itemListElement":[{"@type":"ListItem","position":1,"name":"Home","item":"https:\/\/modena.capital\/de\/"},{"@type":"ListItem","position":2,"name":"So funktioniert es"}]},{"@type":"WebSite","@id":"https:\/\/modena.capital\/#website","url":"https:\/\/modena.capital\/","name":"Modena Capital","description":"Earn Up to 11% Passive Income","publisher":{"@id":"https:\/\/modena.capital\/#organization"},"potentialAction":[{"@type":"SearchAction","target":{"@type":"EntryPoint","urlTemplate":"https:\/\/modena.capital\/?s={search_term_string}"},"query-input":{"@type":"PropertyValueSpecification","valueRequired":true,"valueName":"search_term_string"}}],"inLanguage":"de-DE"},{"@type":"Organization","@id":"https:\/\/modena.capital\/#organization","name":"Modena Capital","url":"https:\/\/modena.capital\/","logo":{"@type":"ImageObject","inLanguage":"de-DE","@id":"https:\/\/modena.capital\/#\/schema\/logo\/image\/","url":"https:\/\/modena.capital\/wp-content\/uploads\/2025\/12\/logo_heletume84-pdf.jpg","contentUrl":"https:\/\/modena.capital\/wp-content\/uploads\/2025\/12\/logo_heletume84-pdf.jpg","width":1067,"height":1067,"caption":"Modena Capital"},"image":{"@id":"https:\/\/modena.capital\/#\/schema\/logo\/image\/"},"sameAs":["https:\/\/www.linkedin.com\/company\/35621821"]}]}},"_links":{"self":[{"href":"https:\/\/modena.capital\/de\/wp-json\/wp\/v2\/pages\/622","targetHints":{"allow":["GET"]}}],"collection":[{"href":"https:\/\/modena.capital\/de\/wp-json\/wp\/v2\/pages"}],"about":[{"href":"https:\/\/modena.capital\/de\/wp-json\/wp\/v2\/types\/page"}],"author":[{"embeddable":true,"href":"https:\/\/modena.capital\/de\/wp-json\/wp\/v2\/users\/2"}],"replies":[{"embeddable":true,"href":"https:\/\/modena.capital\/de\/wp-json\/wp\/v2\/comments?post=622"}],"version-history":[{"count":2,"href":"https:\/\/modena.capital\/de\/wp-json\/wp\/v2\/pages\/622\/revisions"}],"predecessor-version":[{"id":832,"href":"https:\/\/modena.capital\/de\/wp-json\/wp\/v2\/pages\/622\/revisions\/832"}],"wp:attachment":[{"href":"https:\/\/modena.capital\/de\/wp-json\/wp\/v2\/media?parent=622"}],"curies":[{"name":"wp","href":"https:\/\/api.w.org\/{rel}","templated":true}]}}